{"id":142,"date":"2022-08-02T09:17:29","date_gmt":"2022-08-02T09:17:29","guid":{"rendered":"https:\/\/ganraptor.pl\/?post_type=product&#038;p=142"},"modified":"2023-12-05T16:57:00","modified_gmt":"2023-12-05T15:57:00","slug":"jute-rope-size6plus","status":"publish","type":"product","link":"https:\/\/ganraptor.pl\/en_gb\/sklep\/liny-jutowe\/rozmiar-6mm-liny-jutowe\/jute-rope-size6plus\/","title":{"rendered":"Jute rope size 6(+)mm"},"content":{"rendered":"<h1><strong>Jute rope size 6(+)mm.<\/strong><\/h1>\n<p>Price:\u00a0 5,-PLN\/ meter.<\/p>\n<p><strong>Real diameter 6,3 to 6,6 mm<\/strong>, ready to use, made in Poland, designed for heavy loads, prepared for the needs of shibari by nawado.pl, free of harmful chemicals in the treatment, the ends in the form of a thistle knots.<br \/>\nOrders are processed immediately after payment.<\/p>\n<h2><strong>Ordering a colored rope or unusual sections &#8211; by e-mail: nawado.pl@gmail.com<\/strong><\/h2>\n<h2><strong>Orders sent outside of Poland should be submitted by e-mail: <em>nawado.pl@gmail.com<br \/>\nMore information in the tab:\u00a0 \u00a0<a href=\"https:\/\/nawado.pl\/11219-2\/?lang=en\">About Ropes<\/a><\/em><\/strong><\/h2>","protected":false},"excerpt":{"rendered":"<h1><strong>Lina jutowa rozmiaru 6(+)mm.<\/strong><\/h1>\n<p><strong>Cena: 5,-z\u0142\/metr.<\/strong><\/p>\n<p><strong>\u015arednica realna 6,2 do 6,6 mm<\/strong>, gotowa do u\u017cycia, wykonana w Polsce, przeznaczona do du\u017cych obci\u0105\u017ce\u0144, spreparowana do potrzeb shibari przez nawado.pl, w obr\u00f3bce pozbawiona szkodliwych chemikali\u00f3w, ko\u0144c\u00f3wki w postaci splotu kwiat ostu.<br \/>\nZam\u00f3wienia s\u0105 realizowane niezw\u0142ocznie po ich op\u0142aceniu.<\/p>\n<p><strong>Zamawiaj\u0105c dostaw\u0119 do paczkomatu prosz\u0119 pami\u0119ta\u0107 o podaniu danych paczkomatu, np. w polu Uwagi do zam\u00f3wienia.<\/strong><\/p>\n<h2><strong>Zamawianie liny barwionej, lub nietypowych odcink\u00f3w &#8211; poprzez mail: <em>nawado.pl@gmail.com<br \/>\nWi\u0119cej informacji w zak\u0142adce:\u00a0 \u00a0 <\/em><a href=\"https:\/\/nawado.pl\/zakupy\/\"><em>O<\/em><em>\u00a0linach<\/em><\/a><\/strong><\/h2>\n<p>&nbsp;<\/p>","protected":false},"featured_media":707,"template":"","meta":{"ocean_post_layout":"","ocean_both_sidebars_style":"","ocean_both_sidebars_content_width":0,"ocean_both_sidebars_sidebars_width":0,"ocean_sidebar":"0","ocean_second_sidebar":"0","ocean_disable_margins":"enable","ocean_add_body_class":"","ocean_shortcode_before_top_bar":"","ocean_shortcode_after_top_bar":"","ocean_shortcode_before_header":"","ocean_shortcode_after_header":"","ocean_has_shortcode":"","ocean_shortcode_after_title":"","ocean_shortcode_before_footer_widgets":"","ocean_shortcode_after_footer_widgets":"","ocean_shortcode_before_footer_bottom":"","ocean_shortcode_after_footer_bottom":"","ocean_display_top_bar":"default","ocean_display_header":"default","ocean_header_style":"","ocean_center_header_left_menu":"0","ocean_custom_header_template":"0","ocean_custom_logo":0,"ocean_custom_retina_logo":0,"ocean_custom_logo_max_width":0,"ocean_custom_logo_tablet_max_width":0,"ocean_custom_logo_mobile_max_width":0,"ocean_custom_logo_max_height":0,"ocean_custom_logo_tablet_max_height":0,"ocean_custom_logo_mobile_max_height":0,"ocean_header_custom_menu":"0","ocean_menu_typo_font_family":"0","ocean_menu_typo_font_subset":"","ocean_menu_typo_font_size":0,"ocean_menu_typo_font_size_tablet":0,"ocean_menu_typo_font_size_mobile":0,"ocean_menu_typo_font_size_unit":"px","ocean_menu_typo_font_weight":"","ocean_menu_typo_font_weight_tablet":"","ocean_menu_typo_font_weight_mobile":"","ocean_menu_typo_transform":"","ocean_menu_typo_transform_tablet":"","ocean_menu_typo_transform_mobile":"","ocean_menu_typo_line_height":0,"ocean_menu_typo_line_height_tablet":0,"ocean_menu_typo_line_height_mobile":0,"ocean_menu_typo_line_height_unit":"","ocean_menu_typo_spacing":0,"ocean_menu_typo_spacing_tablet":0,"ocean_menu_typo_spacing_mobile":0,"ocean_menu_typo_spacing_unit":"","ocean_menu_link_color":"","ocean_menu_link_color_hover":"","ocean_menu_link_color_active":"","ocean_menu_link_background":"","ocean_menu_link_hover_background":"","ocean_menu_link_active_background":"","ocean_menu_social_links_bg":"","ocean_menu_social_hover_links_bg":"","ocean_menu_social_links_color":"","ocean_menu_social_hover_links_color":"","ocean_disable_title":"default","ocean_disable_heading":"default","ocean_post_title":"","ocean_post_subheading":"","ocean_post_title_style":"","ocean_post_title_background_color":"","ocean_post_title_background":0,"ocean_post_title_bg_image_position":"","ocean_post_title_bg_image_attachment":"","ocean_post_title_bg_image_repeat":"","ocean_post_title_bg_image_size":"","ocean_post_title_height":0,"ocean_post_title_bg_overlay":0.5,"ocean_post_title_bg_overlay_color":"","ocean_disable_breadcrumbs":"default","ocean_breadcrumbs_color":"","ocean_breadcrumbs_separator_color":"","ocean_breadcrumbs_links_color":"","ocean_breadcrumbs_links_hover_color":"","ocean_display_footer_widgets":"default","ocean_display_footer_bottom":"default","ocean_custom_footer_template":"0"},"product_brand":[],"product_cat":[20],"product_tag":[],"class_list":{"0":"post-142","1":"product","2":"type-product","3":"status-publish","4":"has-post-thumbnail","6":"product_cat-rozmiar-6mm-liny-jutowe","8":"entry","9":"has-media","11":"first","12":"instock","13":"shipping-taxable","14":"purchasable","15":"product-type-variable","16":"has-default-attributes","17":"col","18":"span_1_of_4","19":"owp-content-left","20":"owp-thumbs-layout-horizontal","21":"owp-btn-normal","22":"owp-tabs-layout-horizontal","23":"has-no-thumbnails"},"aioseo_notices":[],"_links":{"self":[{"href":"https:\/\/ganraptor.pl\/en_gb\/wp-json\/wp\/v2\/product\/142","targetHints":{"allow":["GET"]}}],"collection":[{"href":"https:\/\/ganraptor.pl\/en_gb\/wp-json\/wp\/v2\/product"}],"about":[{"href":"https:\/\/ganraptor.pl\/en_gb\/wp-json\/wp\/v2\/types\/product"}],"version-history":[{"count":1,"href":"https:\/\/ganraptor.pl\/en_gb\/wp-json\/wp\/v2\/product\/142\/revisions"}],"predecessor-version":[{"id":591,"href":"https:\/\/ganraptor.pl\/en_gb\/wp-json\/wp\/v2\/product\/142\/revisions\/591"}],"wp:featuredmedia":[{"embeddable":true,"href":"https:\/\/ganraptor.pl\/en_gb\/wp-json\/wp\/v2\/media\/707"}],"wp:attachment":[{"href":"https:\/\/ganraptor.pl\/en_gb\/wp-json\/wp\/v2\/media?parent=142"}],"wp:term":[{"taxonomy":"product_brand","embeddable":true,"href":"https:\/\/ganraptor.pl\/en_gb\/wp-json\/wp\/v2\/product_brand?post=142"},{"taxonomy":"product_cat","embeddable":true,"href":"https:\/\/ganraptor.pl\/en_gb\/wp-json\/wp\/v2\/product_cat?post=142"},{"taxonomy":"product_tag","embeddable":true,"href":"https:\/\/ganraptor.pl\/en_gb\/wp-json\/wp\/v2\/product_tag?post=142"}],"curies":[{"name":"wp","href":"https:\/\/api.w.org\/{rel}","templated":true}]}}